{"id":20,"date":"2011-01-21T19:22:53","date_gmt":"2011-01-21T18:22:53","guid":{"rendered":"http:\/\/wp1088711.wp124.webpack.hosteurope.de\/wp\/?page_id=20"},"modified":"2014-11-01T12:51:15","modified_gmt":"2014-11-01T11:51:15","slug":"hier-gehts-weiter","status":"publish","type":"page","link":"https:\/\/www.enzpark.de\/wp\/?page_id=20","title":{"rendered":"Hier gehts weiter"},"content":{"rendered":"<p><!-- Beginning of Link Library Output --><\/p>\n<div id='linklist1' class='linklist'><!-- Div Linklist --><\/p>\n<div class=\"LinkLibraryCat LinkLibraryCat38 level0\"><!-- Div Category --><\/p>\n<div id=\"blogroll\"><!-- Div Category Name --><\/p>\n<div class=\"linklistcatname\"><!-- Div Cat Name --><span class=\"linklistcatclass\">Blogroll<\/span><\/div>\n<p><!-- DivOrHeader --><\/div>\n<p><!-- Div Category Name --><\/p>\n<ul>\n<li><a href=\"http:\/\/wordpress.org\/support\/\" id=\"link-280\" class=\"track_this_link \" rel=\"noopener noreferrer\">Support Forum<\/a><\/li>\n<li><a href=\"http:\/\/wordpress.org\/development\/\" id=\"link-278\" class=\"track_this_link \" rel=\"noopener noreferrer\">WordPress Blog<\/a><\/li>\n<li><a href=\"http:\/\/planet.wordpress.org\/\" id=\"link-283\" class=\"track_this_link \" rel=\"noopener noreferrer\">WordPress Planet<\/a><\/li>\n<\/ul>\n<\/div>\n<p><!-- Div End Category --><\/p>\n<div class=\"LinkLibraryCat LinkLibraryCat39 level0\"><!-- Div Category --><\/p>\n<div id=\"family-and-friends\"><!-- Div Category Name --><\/p>\n<div class=\"linklistcatname\"><!-- Div Cat Name --><span class=\"linklistcatclass\">family and friends<\/span><\/div>\n<p><!-- DivOrHeader --><\/div>\n<p><!-- Div Category Name --><\/p>\n<ul>\n<li><a href=\"http:\/\/www.aickelin.de\" id=\"link-289\" class=\"track_this_link \" rel=\"noopener noreferrer\" target=\"_blank\">Aickelin Druck und Medien<\/a><\/li>\n<li><a href=\"https:\/\/www.facebook.com\/MadisonsMissionISpossible\" id=\"link-287\" class=\"track_this_link \" rel=\"noopener noreferrer\" target=\"_blank\">Madison&#039;s Misson ISpossible<\/a><\/li>\n<li><a href=\"http:\/\/www.transportberatung.net\/\" id=\"link-284\" class=\"track_this_link \" rel=\"noopener noreferrer\" target=\"_blank\">Transportberatung Dieter von Olnhausen<\/a><\/li>\n<li><a href=\"http:\/\/www.walter-steck-walter.de\/\" id=\"link-285\" class=\"track_this_link \" rel=\"noopener noreferrer\" target=\"_blank\">Walter Steck Walter &#8211; Fachzahn\u00e4rzte f\u00fcr Kieferorthop\u00e4die<\/a><\/li>\n<\/ul>\n<\/div>\n<p><!-- Div End Category --><\/p>\n<div class=\"LinkLibraryCat LinkLibraryCat40 level0\"><!-- Div Category --><\/p>\n<div id=\"job\"><!-- Div Category Name --><\/p>\n<div class=\"linklistcatname\"><!-- Div Cat Name --><span class=\"linklistcatclass\">job<\/span><\/div>\n<p><!-- DivOrHeader --><\/div>\n<p><!-- Div Category Name --><\/p>\n<ul>\n<li><a href=\"http:\/\/www.km-bw.de\" id=\"link-286\" class=\"track_this_link \" rel=\"noopener noreferrer\">Kultusministerium Baden-W\u00fcrttemberg<\/a><\/li>\n<li><a href=\"https:\/\/www.lehrer-online-bw.de\" id=\"link-290\" class=\"track_this_link \" rel=\"noopener noreferrer\" target=\"_blank\">LOBW &#8211; Lehrer-Online-BW<\/a><\/li>\n<li><a href=\"https:\/\/www.pirobase.de\" id=\"link-293\" class=\"track_this_link \" rel=\"noopener noreferrer\" target=\"_blank\">pirobase imperia gmbh<\/a><\/li>\n<li><a href=\"https:\/\/www.zeta-software.de\" id=\"link-292\" class=\"track_this_link \" rel=\"noopener noreferrer\" target=\"_blank\">zeta- software GmbH<\/a><\/li>\n<\/ul>\n<\/div>\n<p><!-- Div End Category --><\/p>\n<div class=\"LinkLibraryCat LinkLibraryCat41 level0\"><!-- Div Category --><\/p>\n<div id=\"leisure-time\"><!-- Div Category Name --><\/p>\n<div class=\"linklistcatname\"><!-- Div Cat Name --><span class=\"linklistcatclass\">leisure time<\/span><\/div>\n<p><!-- DivOrHeader --><\/div>\n<p><!-- Div Category Name --><\/p>\n<ul>\n<li><a href=\"http:\/\/www.tsv-oberriexingen.de\" id=\"link-288\" class=\"track_this_link \" rel=\"noopener noreferrer\" target=\"_blank\">TSV Oberriexingen<\/a><\/li>\n<li><a href=\"http:\/\/www.wtb-tennis.de\/spielbetrieb\/vereine\/verein\/mannschaften\/mannschaft\/v\/20125\/m\/1891599.html\" id=\"link-291\" class=\"track_this_link \" rel=\"noopener noreferrer\">W\u00fcrttembergischer Tennisbund<\/a><\/li>\n<\/ul>\n<\/div>\n<p><!-- Div End Category --><br \/>\n<script type='text\/javascript'>\njQuery(document).ready(function()\n{\njQuery('.arrow-up').hide();\njQuery('#linklist1 a.track_this_link').click(function() {\nlinkid = this.id;\nlinkid = linkid.substring(5);\npath = '';\njQuery.ajax( {    type: 'POST',    url: 'https:\/\/www.enzpark.de\/wp\/wp-admin\/admin-ajax.php',     data: { action: 'link_library_tracker',             _ajax_nonce: '09bbd63370',             id:linkid, xpath:path }     });\nreturn true;\n});\njQuery('#linklist1 .expandlinks').click(function() {\ntarget = '.' + jQuery(this).attr('id');\nsubcattarget = '.' + jQuery(this).attr('data-subcat');\nif ( jQuery( target ).is(':visible') ) {\njQuery(target).slideUp();\njQuery(subcattarget).slideToggle();\njQuery(this).children('img').attr('src', 'https:\/\/www.enzpark.de\/wp\/wp-content\/plugins\/link-library\/icons\/expand-32.png');\n} else {\njQuery(target).slideDown();\njQuery(subcattarget).slideToggle();\njQuery(this).children('img').attr('src', 'https:\/\/www.enzpark.de\/wp\/wp-content\/plugins\/link-library\/icons\/collapse-32.png');\n}\n});\njQuery('#linklist1 .linklistcatclass').click(function() {\njQuery(this).siblings('.expandlinks').click();\n});\njQuery('#linklist1 .linklistcatnamedesc').click(function() {\njQuery(this).siblings('.expandlinks').click();\n});\n});\n<\/script>\n<\/div>\n<p><!-- Div Linklist --><br \/>\n<!-- End of Link Library Output --><\/p>\n","protected":false},"excerpt":{"rendered":"","protected":false},"author":1,"featured_media":0,"parent":2,"menu_order":2,"comment_status":"closed","ping_status":"closed","template":"","meta":{"footnotes":""},"tags":[],"class_list":["post-20","page","type-page","status-publish","hentry"],"_links":{"self":[{"href":"https:\/\/www.enzpark.de\/wp\/index.php?rest_route=\/wp\/v2\/pages\/20","targetHints":{"allow":["GET"]}}],"collection":[{"href":"https:\/\/www.enzpark.de\/wp\/index.php?rest_route=\/wp\/v2\/pages"}],"about":[{"href":"https:\/\/www.enzpark.de\/wp\/index.php?rest_route=\/wp\/v2\/types\/page"}],"author":[{"embeddable":true,"href":"https:\/\/www.enzpark.de\/wp\/index.php?rest_route=\/wp\/v2\/users\/1"}],"replies":[{"embeddable":true,"href":"https:\/\/www.enzpark.de\/wp\/index.php?rest_route=%2Fwp%2Fv2%2Fcomments&post=20"}],"version-history":[{"count":11,"href":"https:\/\/www.enzpark.de\/wp\/index.php?rest_route=\/wp\/v2\/pages\/20\/revisions"}],"predecessor-version":[{"id":126,"href":"https:\/\/www.enzpark.de\/wp\/index.php?rest_route=\/wp\/v2\/pages\/20\/revisions\/126"}],"up":[{"embeddable":true,"href":"https:\/\/www.enzpark.de\/wp\/index.php?rest_route=\/wp\/v2\/pages\/2"}],"wp:attachment":[{"href":"https:\/\/www.enzpark.de\/wp\/index.php?rest_route=%2Fwp%2Fv2%2Fmedia&parent=20"}],"wp:term":[{"taxonomy":"post_tag","embeddable":true,"href":"https:\/\/www.enzpark.de\/wp\/index.php?rest_route=%2Fwp%2Fv2%2Ftags&post=20"}],"curies":[{"name":"wp","href":"https:\/\/api.w.org\/{rel}","templated":true}]}}