{"id":181,"date":"2015-05-25T20:25:06","date_gmt":"2015-05-25T18:25:06","guid":{"rendered":"http:\/\/www.enzpark.de\/wp\/?page_id=181"},"modified":"2016-08-16T09:10:36","modified_gmt":"2016-08-16T07:10:36","slug":"familienname","status":"publish","type":"page","link":"https:\/\/www.enzpark.de\/wp\/?page_id=181","title":{"rendered":"Familienname"},"content":{"rendered":"<p class=\"p1\"><span class=\"s1\"><b>Olnhausen &#8211; eine Siedlung des Ollan?<\/b><\/span><\/p>\n<p class=\"p1\"><span class=\"s1\">Um das Jahr 260 n. Chr. \u00fcberrannten die Alemannen den Limes. Die in der Gegend von Jagsthausen erstellten Siedlungen lassen sich \u00fcber die Namen zuordnen. Der Namen des Sippenoberhauptes wurde mit der Endung -ingen erg\u00e4nzt (Sintero &#8211;&gt; Sindringen, Nero &#8211;&gt; Bieringen, ..)<\/span><\/p>\n<p class=\"p1\"><span class=\"s1\">Nach dem Sieg des Frankenk\u00f6nigs Chlodwig \u00fcber die Alemannen (496 n. Chr.) entstanden neue Orte, erkennbar an der Endung -heim (Adelsheim, Rotigheim, ..). W\u00e4hrend der sp\u00e4tfr\u00e4nkischen Besiedlung (7.\/8. Jhdt.) gr\u00fcndeten nachr\u00fcckende Franken neue D\u00f6rfer mit den Schlusssilben -hofen, -weiler und -hausen. Jagsthausen scheint dabei zu den \u00e4ltesten zu geh\u00f6ren, denn es hie\u00df in fr\u00fcherer Zeit nur Husen, w\u00e4hrend alle \u00fcbrigen einen Zunamen als Bestimmungswort bekamen. Zu diesen Siedlungen geh\u00f6rt auch der Ort Olnhausen. <b>Vermutlich ist also ein Sippenoberhaupt namens Ollan als Namensgeber des Ortes zu betrachten.<\/b><\/span><\/p>\n<p class=\"p1\"><a href=\"https:\/\/www.enzpark.de\/wp\/wp-content\/uploads\/2015\/05\/olnhausen-ortsschild-300x356.png\"><img loading=\"lazy\" decoding=\"async\" class=\" size-medium wp-image-204 alignleft\" src=\"https:\/\/www.enzpark.de\/wp\/wp-content\/uploads\/2015\/05\/olnhausen-ortsschild-300x356-253x300.png\" alt=\"olnhausen-ortsschild-300x356\" width=\"253\" height=\"300\" srcset=\"https:\/\/www.enzpark.de\/wp\/wp-content\/uploads\/2015\/05\/olnhausen-ortsschild-300x356-253x300.png 253w, https:\/\/www.enzpark.de\/wp\/wp-content\/uploads\/2015\/05\/olnhausen-ortsschild-300x356.png 300w\" sizes=\"auto, (max-width: 253px) 100vw, 253px\" \/><\/a><\/p>\n<p class=\"p1\"><span class=\"s1\">Urkundlich wird Olnhausen zum ersten Mal im Jahr 781 erw\u00e4hnt durch eine im Lorscher Codex beschriebene Schenkungsurkunde, in der <b>Sigemar von Ollanhusen<\/b> dem Kloster Lorsch all seinen Besitz schenkte. Im 12. Jahrhundert bekamen die Herren von Husen das <b>Dorf Olnhausen<\/b> als Lehen. Als das Geschlecht von Husen ausstarb, ging das Ortsrecht an die von Berlichingen. Im Jahr 1806 wurde Olnhausen w\u00fcrttembergisch und somit eigenst\u00e4ndig. 1972 wurde Olnhausen nach Jagsthausen eingemeindet.<\/span><\/p>\n","protected":false},"excerpt":{"rendered":"<p>Olnhausen &#8211; eine Siedlung des Ollan? Um das Jahr 260 n. Chr. \u00fcberrannten die Alemannen den Limes. Die in der Gegend von Jagsthausen erstellten Siedlungen lassen sich \u00fcber die Namen <a class=\"more-link\" href=\"https:\/\/www.enzpark.de\/wp\/?page_id=181\">weiter \/ read more \u2192<\/a><\/p>\n","protected":false},"author":3,"featured_media":0,"parent":26,"menu_order":0,"comment_status":"closed","ping_status":"closed","template":"","meta":{"footnotes":""},"tags":[37],"class_list":["post-181","page","type-page","status-publish","hentry","tag-familiengeschichte"],"_links":{"self":[{"href":"https:\/\/www.enzpark.de\/wp\/index.php?rest_route=\/wp\/v2\/pages\/181","targetHints":{"allow":["GET"]}}],"collection":[{"href":"https:\/\/www.enzpark.de\/wp\/index.php?rest_route=\/wp\/v2\/pages"}],"about":[{"href":"https:\/\/www.enzpark.de\/wp\/index.php?rest_route=\/wp\/v2\/types\/page"}],"author":[{"embeddable":true,"href":"https:\/\/www.enzpark.de\/wp\/index.php?rest_route=\/wp\/v2\/users\/3"}],"replies":[{"embeddable":true,"href":"https:\/\/www.enzpark.de\/wp\/index.php?rest_route=%2Fwp%2Fv2%2Fcomments&post=181"}],"version-history":[{"count":3,"href":"https:\/\/www.enzpark.de\/wp\/index.php?rest_route=\/wp\/v2\/pages\/181\/revisions"}],"predecessor-version":[{"id":205,"href":"https:\/\/www.enzpark.de\/wp\/index.php?rest_route=\/wp\/v2\/pages\/181\/revisions\/205"}],"up":[{"embeddable":true,"href":"https:\/\/www.enzpark.de\/wp\/index.php?rest_route=\/wp\/v2\/pages\/26"}],"wp:attachment":[{"href":"https:\/\/www.enzpark.de\/wp\/index.php?rest_route=%2Fwp%2Fv2%2Fmedia&parent=181"}],"wp:term":[{"taxonomy":"post_tag","embeddable":true,"href":"https:\/\/www.enzpark.de\/wp\/index.php?rest_route=%2Fwp%2Fv2%2Ftags&post=181"}],"curies":[{"name":"wp","href":"https:\/\/api.w.org\/{rel}","templated":true}]}}