{"id":177,"date":"2015-05-25T20:17:51","date_gmt":"2015-05-25T18:17:51","guid":{"rendered":"http:\/\/www.enzpark.de\/wp\/?page_id=177"},"modified":"2016-08-16T09:12:23","modified_gmt":"2016-08-16T07:12:23","slug":"oberriexingen","status":"publish","type":"page","link":"https:\/\/www.enzpark.de\/wp\/?page_id=177","title":{"rendered":"Oberriexingen"},"content":{"rendered":"<p class=\"p1\"><span class=\"s1\">Oberriexingen ist mit ca. 3.000 Einwohnern die kleinste Stadt des Landkreises Ludwigsburg und seit 1993 unser Wohnort. Oberriexingen liegt im Bundesland Baden-W\u00fcrttemberg, in der Region Stuttgart direkt an der Enz. Die topograhische Lage reicht von 190 m bis 250 m \u00fcNN. Die Gemarkungsfl\u00e4che betr\u00e4gt 816 ha.<\/span><\/p>\n<p class=\"p1\"><span class=\"s1\">Das Stadtwappen Oberriexingens zeigt in seinem gespaltenen Schild links die schwarze vierzackige Hirschstange W\u00fcrttembergs auf goldenen Grund, rechts ein goldenes Schaufelruder in schwarzem Feld.<\/span><\/p>\n<p class=\"p1\"><span class=\"s1\"><a href=\"http:\/\/www.oberriexingen.de\/\"><b>Oberriexingen<\/b><\/a><\/span><span class=\"s2\"> pflegt seit nunmehr \u00fcber 20 Jahren eine enge Partnerschaft mit der franz\u00f6sischen Gemeinde <a href=\"http:\/\/www.ennery.fr\/\"><span class=\"s1\"><b>Ennery<\/b><\/span><\/a>.<\/span><\/p>\n<hr \/>\n<p><em>Oberriexingen with approximately 3,000 inhabitants is the smallest town of the district of Ludwigsburg and since 1993 our place of residence.<\/em><\/p>\n<p><em>Oberriexingen is located in the state of Baden-W\u00fcrttemberg, in the Stuttgart region by the river Enz. The topograhical location ranges from 190 m to 250 m above sea level.<\/em><\/p>\n<p><em>For over 20 years there is a close partnership with the French community Ennery.<\/em><\/p>\n","protected":false},"excerpt":{"rendered":"<p>Oberriexingen ist mit ca. 3.000 Einwohnern die kleinste Stadt des Landkreises Ludwigsburg und seit 1993 unser Wohnort. Oberriexingen liegt im Bundesland Baden-W\u00fcrttemberg, in der Region Stuttgart direkt an der Enz. <a class=\"more-link\" href=\"https:\/\/www.enzpark.de\/wp\/?page_id=177\">weiter \/ read more \u2192<\/a><\/p>\n","protected":false},"author":3,"featured_media":0,"parent":137,"menu_order":0,"comment_status":"closed","ping_status":"closed","template":"","meta":{"footnotes":""},"tags":[37,35],"class_list":["post-177","page","type-page","status-publish","hentry","tag-familiengeschichte","tag-genealogy"],"_links":{"self":[{"href":"https:\/\/www.enzpark.de\/wp\/index.php?rest_route=\/wp\/v2\/pages\/177","targetHints":{"allow":["GET"]}}],"collection":[{"href":"https:\/\/www.enzpark.de\/wp\/index.php?rest_route=\/wp\/v2\/pages"}],"about":[{"href":"https:\/\/www.enzpark.de\/wp\/index.php?rest_route=\/wp\/v2\/types\/page"}],"author":[{"embeddable":true,"href":"https:\/\/www.enzpark.de\/wp\/index.php?rest_route=\/wp\/v2\/users\/3"}],"replies":[{"embeddable":true,"href":"https:\/\/www.enzpark.de\/wp\/index.php?rest_route=%2Fwp%2Fv2%2Fcomments&post=177"}],"version-history":[{"count":5,"href":"https:\/\/www.enzpark.de\/wp\/index.php?rest_route=\/wp\/v2\/pages\/177\/revisions"}],"predecessor-version":[{"id":238,"href":"https:\/\/www.enzpark.de\/wp\/index.php?rest_route=\/wp\/v2\/pages\/177\/revisions\/238"}],"up":[{"embeddable":true,"href":"https:\/\/www.enzpark.de\/wp\/index.php?rest_route=\/wp\/v2\/pages\/137"}],"wp:attachment":[{"href":"https:\/\/www.enzpark.de\/wp\/index.php?rest_route=%2Fwp%2Fv2%2Fmedia&parent=177"}],"wp:term":[{"taxonomy":"post_tag","embeddable":true,"href":"https:\/\/www.enzpark.de\/wp\/index.php?rest_route=%2Fwp%2Fv2%2Ftags&post=177"}],"curies":[{"name":"wp","href":"https:\/\/api.w.org\/{rel}","templated":true}]}}