{"id":137,"date":"2015-05-25T16:24:27","date_gmt":"2015-05-25T14:24:27","guid":{"rendered":"http:\/\/www.enzpark.de\/wp\/?page_id=137"},"modified":"2016-08-16T09:11:46","modified_gmt":"2016-08-16T07:11:46","slug":"familiengeographie","status":"publish","type":"page","link":"https:\/\/www.enzpark.de\/wp\/?page_id=137","title":{"rendered":"Familiengeographie"},"content":{"rendered":"<p class=\"p1\"><span class=\"s1\">Es ist davon auszugehen<\/span><span class=\"s2\"><sup>[1]<\/sup><\/span><span class=\"s1\">, dass alle heute noch lebenden Tr\u00e4ger des Namens von Olnhausen von den beiden Br\u00fcdern Heinrich III. (1503 Vogt zu Adolzfurt) und Jacob v. O. (seit 1490 im Dienst der <a href=\"http:\/\/www.heilbronn.de\/\"><span class=\"s3\"><b>Stadt Heilbronn<\/b><\/span><\/a>, reisiger<\/span><span class=\"s2\"><sup>[2]<\/sup><\/span><span class=\"s1\"> Schulthei\u00df zu B\u00f6ckingen) abstammen. Mit ihnen teilt sich die Familie von Olnhausen Ende des 15. Jahrhunderts in den Hohenloher Stamm und den Heilbronner Stamm.<\/span><\/p>\n<p class=\"p1\"><span class=\"s1\">Die Mitglieder des Hohenloher Stammes findet man von Anfang des 16. bis Anfang des 19. Jahrhunderts in Zivil- und Milit\u00e4rdiensten bei vielen kleineren und gr\u00f6\u00dferen F\u00fcrsten in <b>S\u00fcdwestdeutschland und in \u00d6sterreich<\/b>. Mitglieder des Heilbronner Stammes<\/span><span class=\"s2\"><sup>[3]<\/sup><\/span><span class=\"s1\"> waren im 16. Jahrhundert in Diensten verschiedener Reichsst\u00e4dte und des Herzogs zu W\u00fcrttemberg. Ein Zweig sa\u00df zum Ende des 16. Jahrhunderts im Rat der Stadt<b> Heilbronn<\/b>. Viele Familien sind heute noch <b>in verschiedenen St\u00e4dten und Orten W\u00fcrttembergs<\/b> anzutreffen, insbesondere in <a href=\"http:\/\/www.nordheim.de\/\"><span class=\"s3\"><b>Nordheim bei Heilbronn<\/b><\/span><\/a>. Gemeinsamer Vorfahr dieser Familien ist Hans v. O. (1640-1699), der als Schmied und Richter im 30-j\u00e4hrigen Krieg in Nordheim nachzuweisen ist.<\/span><\/p>\n<p class=\"p1\"><span class=\"s1\">Im 19. Jahrhundert gab es mehrere Auswanderungen in die <b>USA und Irland<\/b>, im 20. Jahrhundert auch nach <b>Schweden und England<\/b>. Auf Grund der verst\u00e4rkten Mobilit\u00e4t der letzten Jahrzehnte sind heute Tr\u00e4ger des Namens von Olnhausen weltweit anzutreffen.\u00a0 In Deutschland ergibt eine Telefonbuchrecherche 101 Eintr\u00e4ge, wobei der Schwerpunkt<b> im Mittleren Neckarraum mit den Landkreisen Heilbronn und Ludwigsburg<\/b> liegt<\/span><span class=\"s2\"><sup>[4]<\/sup><\/span><span class=\"s1\">.<\/span><\/p>\n<div class=\"vw_widget_wrapper-de\">\n<div class=\"vw_widget_header-de\">\n<p><a href=\"http:\/\/www.verwandt.de\/\"><img decoding=\"async\" src=\"http:\/\/www.verwandt.de\/karten\/wp_widget\/logo-verwandt.png\" alt=\"Familienstammbaum anlegen bei verwandt.de\" \/><\/a><\/p>\n<div class=\"vw_widget_content-de\">\n<p><a href=\"http:\/\/www.verwandt.de\/karten\/absolut\/olnhausen.html?utm_medium=widget_detail_page\" target=\"_blank\"><img loading=\"lazy\" decoding=\"async\" class=\"alignnone\" src=\"http:\/\/www.verwandt.de\/karten\/preview\/olnhausen_sml.png\" alt=\"Karten zum Namen Olnhausen\" width=\"90\" height=\"120\" \/><\/a><\/p>\n<div class=\"info\">Verteilung des Namens <strong> Olnhausen<\/strong><\/div>\n<pre><span class=\"s3\">[1] nachstehende Ausf\u00fchrungen erfolgen in enger Anlehnungen an den Artikel \"Der Ortsadel von Olnhausen\" aus Festschrift \"1200 Jahre Olnhausen 781-1981\" (Seite 18 ff.) Quelle: Hans Hain. Aus der Vergangenheit des Dorfes Olnhausen. Mit Beitr\u00e4gen von H. von Olnhausen und R. Arzt.<\/span><\/pre>\n<pre><span class=\"s3\">[2] reisiger Schulthei\u00df, versah auf Grund eines Dienstvertrages und gegen Entlohnung das Schulthei\u00dfenamt mit der Verpflichtung, im Kriege der Stadt zu Pferde zu dienen.<\/span><\/pre>\n<pre><span class=\"s3\">[3] Die Familie des Verfasser geh\u00f6rt zum Heilbronner Stamm, die Vorfahren sind seit ca. 1750 inBrackenheim nachzuweisen und in direkter Linie auf den o. a. Hans v. O. (Nordheim) zur\u00fcckzuf\u00fchren.<\/span><\/pre>\n<pre><span class=\"s3\">[4] Stand Januar 2008 Quelle: <a href=\"http:\/\/www.dasoertliche.de\/\"><span class=\"s2\"><b>http:\/\/www.dasoertliche.de<\/b><\/span><\/a> und <a href=\"http:\/\/www.verwandt.de\/\"><span class=\"s2\"><b>http:\/\/www.verwandt.de<\/b><\/span><\/a> (geographische Verteilung des Namens \"Olnhausen\" in Deutschland<\/span><span class=\"s4\">\u00a0<\/span><\/pre>\n<\/div>\n<\/div>\n<\/div>\n","protected":false},"excerpt":{"rendered":"<p>Es ist davon auszugehen[1], dass alle heute noch lebenden Tr\u00e4ger des Namens von Olnhausen von den beiden Br\u00fcdern Heinrich III. (1503 Vogt zu Adolzfurt) und Jacob v. O. (seit 1490 <a class=\"more-link\" href=\"https:\/\/www.enzpark.de\/wp\/?page_id=137\">weiter \/ read more \u2192<\/a><\/p>\n","protected":false},"author":3,"featured_media":0,"parent":26,"menu_order":120,"comment_status":"closed","ping_status":"closed","template":"","meta":{"footnotes":""},"tags":[37],"class_list":["post-137","page","type-page","status-publish","hentry","tag-familiengeschichte"],"_links":{"self":[{"href":"https:\/\/www.enzpark.de\/wp\/index.php?rest_route=\/wp\/v2\/pages\/137","targetHints":{"allow":["GET"]}}],"collection":[{"href":"https:\/\/www.enzpark.de\/wp\/index.php?rest_route=\/wp\/v2\/pages"}],"about":[{"href":"https:\/\/www.enzpark.de\/wp\/index.php?rest_route=\/wp\/v2\/types\/page"}],"author":[{"embeddable":true,"href":"https:\/\/www.enzpark.de\/wp\/index.php?rest_route=\/wp\/v2\/users\/3"}],"replies":[{"embeddable":true,"href":"https:\/\/www.enzpark.de\/wp\/index.php?rest_route=%2Fwp%2Fv2%2Fcomments&post=137"}],"version-history":[{"count":11,"href":"https:\/\/www.enzpark.de\/wp\/index.php?rest_route=\/wp\/v2\/pages\/137\/revisions"}],"predecessor-version":[{"id":190,"href":"https:\/\/www.enzpark.de\/wp\/index.php?rest_route=\/wp\/v2\/pages\/137\/revisions\/190"}],"up":[{"embeddable":true,"href":"https:\/\/www.enzpark.de\/wp\/index.php?rest_route=\/wp\/v2\/pages\/26"}],"wp:attachment":[{"href":"https:\/\/www.enzpark.de\/wp\/index.php?rest_route=%2Fwp%2Fv2%2Fmedia&parent=137"}],"wp:term":[{"taxonomy":"post_tag","embeddable":true,"href":"https:\/\/www.enzpark.de\/wp\/index.php?rest_route=%2Fwp%2Fv2%2Ftags&post=137"}],"curies":[{"name":"wp","href":"https:\/\/api.w.org\/{rel}","templated":true}]}}